{"id":1919,"date":"2016-10-26T13:05:09","date_gmt":"2016-10-26T11:05:09","guid":{"rendered":"https:\/\/bfg.pl\/?page_id=1919"},"modified":"2026-01-28T13:46:17","modified_gmt":"2026-01-28T12:46:17","slug":"ongoing-payouts","status":"publish","type":"page","link":"https:\/\/bfg.pl\/en\/for-depositors\/ongoing-payouts\/","title":{"rendered":"Ongoing payouts"},"content":{"rendered":"<p>Dates of expiry of the limitation period for depositors\u2019 claims against the BFG for the payment of guaranteed funds:<\/p>\n<ul>\n<li><strong>SKOK Wsp\u00f3lnota<\/strong> \u2013 until 31st December 2019 (the claims have become time-barred)<\/li>\n<li><strong>SKOK w Wo\u0142ominie<\/strong> \u2013 until 31st December 2019 (the claims have become time-barred)<\/li>\n<li><strong>Sp\u00f3\u0142dzielczy Bank Rzemios\u0142a i Rolnictwa<\/strong> \u2013 until 31st December 2020 (the claims have become time-barred)<\/li>\n<li><strong>SKOK Kujawiak<\/strong> \u2013 until 31st December 2021 (the claims have become time-barred, with the exception of those in respect of which the limitation period was interrupted in accordance with Article 123 \u00a7 1 of the Civil Code)<\/li>\n<li><strong>SKOK \u201ePolska\u201d<\/strong> \u2013 until 31st December 2021 (the claims have become time-barred, with the exception of those in respect of which the limitation period was interrupted in accordance with Article 123 \u00a7 1 of the Civil Code)<\/li>\n<li><strong>SKOK \u201eJowisz\u201d<\/strong> \u2013 until 31st December 2021 (the claims have become time-barred)<\/li>\n<li><strong>SKOK \u201eArka\u201d<\/strong> \u2013 until 31st December 2021 (the claims have become time-barred)<\/li>\n<li><strong>SKOK \u201eSkarbiec\u201d<\/strong> \u2013 until 31st December 2021 (the claims have become time-barred, with the exception of those in respect of which the limitation period was interrupted in accordance with Article 123 \u00a7 1 of the Civil Code)<\/li>\n<li><strong>Bank Sp\u00f3\u0142dzielczy w Nadarzynie<\/strong> \u2013 until 31st December 2021 (the claims have become time-barred)<\/li>\n<li><strong>Wielkopolska SKOK<\/strong> \u2013 until 2nd January 2023 (the claims have become time-barred, with the exception of those in respect of which the limitation period was interrupted in accordance with Article 123 \u00a7 1 of the Civil Code)<\/li>\n<li><strong>Twoja SKOK<\/strong> \u2013 until 2nd January 2023 (the claims have become time-barred, with the exception of those in respect of which the limitation period was interrupted in accordance with Article 123 \u00a7 1 of the Civil Code)<\/li>\n<li><strong>SKOK \u201eNike\u201d<\/strong> \u2013 until 2nd January 2023 (the claims have become time-barred, with the exception of those in respect of which the limitation period was interrupted in accordance with Article 123 \u00a7 1 of the Civil Code)<\/li>\n<li><strong>SKOK \u201eWybrze\u017ce\u201d<\/strong> \u2013 until 2nd January 2023 (the claims have become time-barred, with the exception of those in respect of which the limitation period was interrupted in accordance with Article 123 \u00a7 1 of the Civil Code)<\/li>\n<li><strong>Bank Sp\u00f3\u0142dzielczy w Gr\u0119bowie<\/strong> &#8211; until 31st December 2024 (the claims have become time-barred, with the exception of those in respect of which the limitation period was interrupted in accordance with Article 123 \u00a7 1 of the Civil Code)<\/li>\n<\/ul>\n","protected":false},"excerpt":{"rendered":"<p>Dates of expiry of the limitation period for depositors\u2019 claims against the BFG for the payment of guaranteed funds: SKOK Wsp\u00f3lnota \u2013 until 31st December 2019 (the claims have become time-barred) SKOK w Wo\u0142ominie \u2013 until 31st December 2019 (the claims have become time-barred) Sp\u00f3\u0142dzielczy Bank Rzemios\u0142a i Rolnictwa \u2013 until 31st December 2020 (the [&hellip;]<\/p>\n","protected":false},"author":1,"featured_media":0,"parent":1911,"menu_order":4,"comment_status":"closed","ping_status":"closed","template":"","meta":{"_acf_changed":false,"inline_featured_image":false,"footnotes":""},"class_list":["post-1919","page","type-page","status-publish","hentry"],"acf":[],"aioseo_notices":[],"_links":{"self":[{"href":"https:\/\/bfg.pl\/en\/wp-json\/wp\/v2\/pages\/1919","targetHints":{"allow":["GET"]}}],"collection":[{"href":"https:\/\/bfg.pl\/en\/wp-json\/wp\/v2\/pages"}],"about":[{"href":"https:\/\/bfg.pl\/en\/wp-json\/wp\/v2\/types\/page"}],"author":[{"embeddable":true,"href":"https:\/\/bfg.pl\/en\/wp-json\/wp\/v2\/users\/1"}],"replies":[{"embeddable":true,"href":"https:\/\/bfg.pl\/en\/wp-json\/wp\/v2\/comments?post=1919"}],"version-history":[{"count":2,"href":"https:\/\/bfg.pl\/en\/wp-json\/wp\/v2\/pages\/1919\/revisions"}],"predecessor-version":[{"id":21708,"href":"https:\/\/bfg.pl\/en\/wp-json\/wp\/v2\/pages\/1919\/revisions\/21708"}],"up":[{"embeddable":true,"href":"https:\/\/bfg.pl\/en\/wp-json\/wp\/v2\/pages\/1911"}],"wp:attachment":[{"href":"https:\/\/bfg.pl\/en\/wp-json\/wp\/v2\/media?parent=1919"}],"curies":[{"name":"wp","href":"https:\/\/api.w.org\/{rel}","templated":true}]}}