{"id":2115,"date":"2019-02-19T17:05:09","date_gmt":"2019-02-19T16:05:09","guid":{"rendered":"https:\/\/bfg.pl\/?page_id=2115"},"modified":"2025-06-26T11:32:05","modified_gmt":"2025-06-26T09:32:05","slug":"%d0%b2%d0%b8%d0%bf%d0%bb%d0%b0%d1%82%d0%b8-%d1%89%d0%be-%d1%82%d1%80%d0%b8%d0%b2%d0%b0%d1%8e%d1%82%d1%8c","status":"publish","type":"page","link":"https:\/\/bfg.pl\/uk\/%d0%b3%d0%b0%d1%80%d0%b0%d0%bd%d1%82%d1%83%d0%b2%d0%b0%d0%bd%d0%bd%d1%8f-%d0%b2%d0%ba%d0%bb%d0%b0%d0%b4%d1%96%d0%b2\/%d0%b2%d0%b8%d0%bf%d0%bb%d0%b0%d1%82%d0%b8-%d1%89%d0%be-%d1%82%d1%80%d0%b8%d0%b2%d0%b0%d1%8e%d1%82%d1%8c\/","title":{"rendered":"\u0412\u0438\u043f\u043b\u0430\u0442\u0438, \u0449\u043e \u0442\u0440\u0438\u0432\u0430\u044e\u0442\u044c"},"content":{"rendered":"<p>\u0424\u043e\u043d\u0434 \u00abBankowy Fundusz Gwarancyjny\u00bb \u043f\u0440\u043e\u0434\u043e\u0432\u0436\u0443\u0454 \u0432\u0456\u0434\u0448\u043a\u043e\u0434\u043e\u0432\u0443\u0432\u0430\u0442\u0438 \u0437\u0430\u043e\u0449\u0430\u0434\u0436\u0435\u043d\u043d\u044f, \u0449\u043e \u043d\u0430\u043b\u0435\u0436\u0430\u0442\u044c \u0432\u043a\u043b\u0430\u0434\u043d\u0438\u043a\u0430\u043c \u0442\u0430\u043a\u0438\u0445 \u0437\u0431\u0430\u043d\u043a\u0440\u0443\u0442\u0456\u043b\u0438\u0445 \u0443\u0441\u0442\u0430\u043d\u043e\u0432 \u0434\u043e \u0441\u0442\u0440\u043e\u043a\u0443 \u043f\u043e\u0437\u043e\u0432\u043d\u043e\u0457 \u0434\u0430\u0432\u043d\u043e\u0441\u0442\u0456:<\/p>\n<p>SKOK Wsp\u00f3lnota \u2014 31 \u0433\u0440\u0443\u0434\u043d\u044f 2019 \u0440.<br \/>\nSKOK w Wo\u0142ominie \u2014 31 \u0433\u0440\u0443\u0434\u043d\u044f 2019 \u0440.<br \/>\nSp\u00f3\u0142dzielczy Bank Rzemios\u0142a i Rolnictwa \u2014 31 \u0433\u0440\u0443\u0434\u043d\u044f 2020 \u0440.<br \/>\nSKOK Kujawiak \u2014 31 \u0433\u0440\u0443\u0434\u043d\u044f 2021 \u0440.<br \/>\nSKOK Kujawiak \u2014 31 \u0433\u0440\u0443\u0434\u043d\u044f 2021 \u0440.<br \/>\nSKOK \u00abPolska\u00bb \u2014 31 \u0433\u0440\u0443\u0434\u043d\u044f 2021 \u0440.<br \/>\nSKOK \u00abPolska\u00bb \u2014 31 \u0433\u0440\u0443\u0434\u043d\u044f 2021 \u0440.<br \/>\nSKOK \u00abJowisz\u00bb \u2014 31 \u0433\u0440\u0443\u0434\u043d\u044f 2021 \u0440.<br \/>\nSKOK \u00abArka\u00bb \u2014 31 \u0433\u0440\u0443\u0434\u043d\u044f 2021 \u0440.<br \/>\nSKOK \u00abSkarbiec\u00bb \u2014 31 \u0433\u0440\u0443\u0434\u043d\u044f 2021 \u0440.<br \/>\nBank Sp\u00f3\u0142dzielczy w Nadarzynie \u2014 31 \u0433\u0440\u0443\u0434\u043d\u044f 2021 \u0440.<br \/>\nWielkopolska SKOK \u2014 2 \u0441\u0456\u0447\u043d\u044f 2023 \u0440.<br \/>\nTwoja SKOK \u2014 2 \u0441\u0456\u0447\u043d\u044f 2023 \u0440.<br \/>\nSKOK \u00abNike\u00bb \u2014 2 \u0441\u0456\u0447\u043d\u044f 2023 \u0440.<br \/>\nSKOK \u00abWybrze\u017ce\u00bb \u2014 2 \u0441\u0456\u0447\u043d\u044f 2023 \u0440.<\/p>\n","protected":false},"excerpt":{"rendered":"<p>\u0424\u043e\u043d\u0434 \u00abBankowy Fundusz Gwarancyjny\u00bb \u043f\u0440\u043e\u0434\u043e\u0432\u0436\u0443\u0454 \u0432\u0456\u0434\u0448\u043a\u043e\u0434\u043e\u0432\u0443\u0432\u0430\u0442\u0438 \u0437\u0430\u043e\u0449\u0430\u0434\u0436\u0435\u043d\u043d\u044f, \u0449\u043e \u043d\u0430\u043b\u0435\u0436\u0430\u0442\u044c \u0432\u043a\u043b\u0430\u0434\u043d\u0438\u043a\u0430\u043c \u0442\u0430\u043a\u0438\u0445 \u0437\u0431\u0430\u043d\u043a\u0440\u0443\u0442\u0456\u043b\u0438\u0445 \u0443\u0441\u0442\u0430\u043d\u043e\u0432 \u0434\u043e \u0441\u0442\u0440\u043e\u043a\u0443 \u043f\u043e\u0437\u043e\u0432\u043d\u043e\u0457 \u0434\u0430\u0432\u043d\u043e\u0441\u0442\u0456: SKOK Wsp\u00f3lnota \u2014 31 \u0433\u0440\u0443\u0434\u043d\u044f 2019 \u0440. SKOK w Wo\u0142ominie \u2014 31 \u0433\u0440\u0443\u0434\u043d\u044f 2019 \u0440. Sp\u00f3\u0142dzielczy Bank Rzemios\u0142a i Rolnictwa \u2014 31 \u0433\u0440\u0443\u0434\u043d\u044f 2020 \u0440. SKOK Kujawiak \u2014 31 \u0433\u0440\u0443\u0434\u043d\u044f 2021 \u0440. SKOK Kujawiak \u2014 31 \u0433\u0440\u0443\u0434\u043d\u044f 2021 [&hellip;]<\/p>\n","protected":false},"author":1,"featured_media":0,"parent":2107,"menu_order":4,"comment_status":"closed","ping_status":"closed","template":"","meta":{"_acf_changed":false,"inline_featured_image":false,"footnotes":""},"class_list":["post-2115","page","type-page","status-publish","hentry"],"acf":[],"aioseo_notices":[],"_links":{"self":[{"href":"https:\/\/bfg.pl\/uk\/wp-json\/wp\/v2\/pages\/2115","targetHints":{"allow":["GET"]}}],"collection":[{"href":"https:\/\/bfg.pl\/uk\/wp-json\/wp\/v2\/pages"}],"about":[{"href":"https:\/\/bfg.pl\/uk\/wp-json\/wp\/v2\/types\/page"}],"author":[{"embeddable":true,"href":"https:\/\/bfg.pl\/uk\/wp-json\/wp\/v2\/users\/1"}],"replies":[{"embeddable":true,"href":"https:\/\/bfg.pl\/uk\/wp-json\/wp\/v2\/comments?post=2115"}],"version-history":[{"count":1,"href":"https:\/\/bfg.pl\/uk\/wp-json\/wp\/v2\/pages\/2115\/revisions"}],"predecessor-version":[{"id":20861,"href":"https:\/\/bfg.pl\/uk\/wp-json\/wp\/v2\/pages\/2115\/revisions\/20861"}],"up":[{"embeddable":true,"href":"https:\/\/bfg.pl\/uk\/wp-json\/wp\/v2\/pages\/2107"}],"wp:attachment":[{"href":"https:\/\/bfg.pl\/uk\/wp-json\/wp\/v2\/media?parent=2115"}],"curies":[{"name":"wp","href":"https:\/\/api.w.org\/{rel}","templated":true}]}}